{"id":7839,"date":"2023-05-30T13:14:21","date_gmt":"2023-05-30T11:14:21","guid":{"rendered":"https:\/\/www.nouscims.com\/?page_id=7839"},"modified":"2025-11-06T18:11:42","modified_gmt":"2025-11-06T17:11:42","slug":"politica-de-qualitat","status":"publish","type":"page","link":"https:\/\/www.nouscims.com\/ca\/politica-de-qualitat\/","title":{"rendered":"Pol\u00edtica de qualitat"},"content":{"rendered":"<div class=\"wpb-content-wrapper\"><p>[vc_row unlock_row_content=&#8221;yes&#8221; row_height_percent=&#8221;0&#8243; override_padding=&#8221;yes&#8221; h_padding=&#8221;2&#8243; top_padding=&#8221;4&#8243; bottom_padding=&#8221;4&#8243; overlay_alpha=&#8221;90&#8243; gutter_size=&#8221;3&#8243; column_width_percent=&#8221;100&#8243; shift_y=&#8221;0&#8243; z_index=&#8221;0&#8243; content_parallax=&#8221;0&#8243; uncode_shortcode_id=&#8221;133558&#8243;][vc_column column_width_percent=&#8221;100&#8243; gutter_size=&#8221;4&#8243; style=&#8221;dark&#8221; overlay_alpha=&#8221;50&#8243; shift_x=&#8221;0&#8243; shift_y=&#8221;0&#8243; shift_y_down=&#8221;0&#8243; z_index=&#8221;0&#8243; medium_width=&#8221;0&#8243; mobile_width=&#8221;0&#8243; width=&#8221;1\/6&#8243; uncode_shortcode_id=&#8221;173837&#8243;][vc_custom_heading text_color=&#8221;accent&#8221; text_weight=&#8221;600&#8243; uncode_shortcode_id=&#8221;115422&#8243; text_color_type=&#8221;uncode-palette&#8221;]Pol\u00edtica de qualitat[\/vc_custom_heading][\/vc_column][vc_column column_width_percent=&#8221;85&#8243; position_horizontal=&#8221;left&#8221; gutter_size=&#8221;3&#8243; overlay_alpha=&#8221;50&#8243; shift_x=&#8221;0&#8243; shift_y=&#8221;0&#8243; shift_y_down=&#8221;0&#8243; z_index=&#8221;0&#8243; medium_width=&#8221;0&#8243; mobile_width=&#8221;0&#8243; width=&#8221;5\/6&#8243; uncode_shortcode_id=&#8221;557205&#8243;][vc_column_text uncode_shortcode_id=&#8221;183363&#8243;]FUNDACI\u00d3 NOUS CIMS \u00e9s una fundaci\u00f3 privada sense \u00e0nim de lucre constitu\u00efda a Barcelona l&#8217;any 2015. Crea i desenvolupa projectes socials innovadors, transformadors i sostenibles en els \u00e0mbits de l&#8217;ocupabilitat, el benestar emocional i el desenvolupament global, amb l&#8217;objectiu d&#8217;impactar en les persones m\u00e9s vulnerables, especialment dones, joves i nens, tant en l&#8217;entorn m\u00e9s pr\u00f2xim com en pa\u00efsos emergents.<\/p>\n<h3>Missi\u00f3<\/h3>\n<p>Ser un vehicle de generaci\u00f3 de valor afegit que perduri en el temps, donant suport a projectes amb impacte en les persones en els \u00e0mbits de l&#8217;ocupabilitat, el benestar emocional i el desenvolupament global, amb la finalitat de contribuir a un m\u00f3n millor.<\/p>\n<h3>Visi\u00f3<\/h3>\n<p>Ser una fundaci\u00f3 referent en experi\u00e8ncia, coneixement i valor generat en temes concrets de cadascun dels seus \u00e0mbits d&#8217;actuaci\u00f3.<\/p>\n<h3>Valors<\/h3>\n<p><strong>Humilitat<\/strong><\/p>\n<ul>\n<li>Actuem amb mod\u00e8stia, empatitzant amb les necessitats dels altres.<\/li>\n<li>Som sincers, respectuosos i transparents.<\/li>\n<li>Ens posem en la pell dels altres i reconeixem les pr\u00f2pies limitacions.<\/li>\n<\/ul>\n<p><strong>Professionalitat i esfor\u00e7<\/strong><\/p>\n<ul>\n<li>Afrontem el dia a dia amb passi\u00f3 i dedicaci\u00f3.<\/li>\n<li>Gaudim de la labor i treballem intensament.<\/li>\n<li>Som un exemple per als altres de manera proactiva, amb rigor, responsabilitat i iniciativa.<\/li>\n<\/ul>\n<p><strong>Innovaci\u00f3<\/strong><\/p>\n<ul>\n<li>Conreem la cultura de la creativitat.<\/li>\n<li>Tenim una actitud de millora cont\u00ednua, i sortim de l&#8217;\u00e0rea de confort.<\/li>\n<li>Expressem idees d&#8217;una forma oberta.<\/li>\n<\/ul>\n<p>La nostra estrat\u00e8gia \u00e9s desenvolupar i crear projectes socials innovadors, transformadors i sostenibles en les seg\u00fcents \u00e0rees:<\/p>\n<ol>\n<li>La generaci\u00f3 d&#8217;oportunitats formatives i la millora de l&#8217;ocupabilitat de joves en situaci\u00f3 de vulnerabilitat social i econ\u00f2mica.<\/li>\n<li>La promoci\u00f3 del benestar emocional i la millora de la qualitat de vida i l&#8217;acompanyament a les persones joves i adultes en situaci\u00f3 de sofriment psicol\u00f2gic i\/o proc\u00e9s oncol\u00f2gic.<\/li>\n<li>La creaci\u00f3 de din\u00e0miques transformadores dirigides als sectors socials m\u00e9s vulnerables \u2014dones i joves\u2014 en pa\u00efsos emergents. El present <a href=\"https:\/\/www.nouscims.com\/ca\/qui-som\/codi-etic\/\">Codi \u00c8tic<\/a> pret\u00e9n ser la recopilaci\u00f3 dels principis, valors i normes de comportament comuns que volem que regeixi NOUS CIMS, aix\u00ed com l&#8217;element de connexi\u00f3 que doni sentit a l&#8217;univers de persones involucrades en el present i en el futur de la Fundaci\u00f3.<\/li>\n<\/ol>\n<p>L&#8217;objectiu de la pol\u00edtica de qualitat de la nostra Fundaci\u00f3 \u00e9s consolidar aquesta realitat en el marc de la millora cont\u00ednua. En aquesta l\u00ednia, hem implantat un Sistema de Gesti\u00f3 de la Qualitat, basat en la Norma UNE-EN ISO 9001:2015.<\/p>\n<p>Per tot aix\u00f2, en <strong>FUNDACI\u00d3 NOUS CIMS<\/strong> ens comprometem a:<\/p>\n<ol>\n<li>Dedicar temps i esfor\u00e7 a les avaluacions internes i formar als equips d&#8217;acord amb el resultat d&#8217;aquestes.<\/li>\n<li>Assegurar la formaci\u00f3 continuada de tot el personal de l&#8217;organitzaci\u00f3.<\/li>\n<li>Tractar a les persones amb respecte i consideraci\u00f3, i tenir una actitud positiva cap als altres. Admetre errors amb transpar\u00e8ncia i humilitat.<\/li>\n<li>Acceptar cr\u00edtiques constructives (opinions) en tots els nivells de l&#8217;organitzaci\u00f3 i demanar\/proposar solucions alternatives.<\/li>\n<li>Complir amb els requisits legals i reglamentaris que resultin d&#8217;aplicaci\u00f3.<\/li>\n<li>Promoure la millora cont\u00ednua dels nostres projectes per a garantir l&#8217;excel\u00b7l\u00e8ncia en la totalitat dels serveis que es presten.<\/li>\n<li>Con\u00e8ixer i satisfer les necessitats i expectatives dels nostres usuaris, aix\u00ed com els requisits pertinents de les parts interessades rellevants per al sistema de gesti\u00f3 de qualitat.<\/li>\n<li>Implicar el personal de l&#8217;organitzaci\u00f3 en les activitats del sistema de gesti\u00f3 i buscar la millora cont\u00ednua.<\/li>\n<li>Transmetre els nostres valors a les pr\u00f2ximes generacions perqu\u00e8 ajudin altres a aconseguir els seus objectius<\/li>\n<li>Crear i implementar projectes que generin impacte positiu en el temps.<\/li>\n<\/ol>\n<p>Mitjan\u00e7ant el desenvolupament d&#8217;aquestes accions, <strong>FUNDACI\u00d3 NOUS CIMS<\/strong> es compromet a la millora cont\u00ednua de l&#8217;efic\u00e0cia del seu Sistema de Gesti\u00f3 de la Qualitat.<\/p>\n<p>Aix\u00ed mateix, per a assegurar que aquesta Pol\u00edtica de Qualitat es compleix, la Direcci\u00f3 es compromet a definir uns objectius de qualitat coherents amb aquesta i a revisar peri\u00f2dicament el sistema per a garantir la seva efic\u00e0cia.<\/p>\n<p style=\"text-align: right;\">Marta Mosquera, directora Fundaci\u00f3 Nous Cims<\/p>\n<p style=\"text-align: right;\">Barcelona, 24 de maig 2023<\/p>\n<p>[\/vc_column_text][\/vc_column][\/vc_row]<\/p>\n<\/div>","protected":false},"excerpt":{"rendered":"[vc_row unlock_row_content=\"yes\" row_height_percent=\"0\" override_padding=\"yes\" h_padding=\"2\" top_padding=\"4\" bottom_padding=\"4\" overlay_alpha=\"90\" gutter_size=\"3\" column_width_percent=\"100\" shift_y=\"0\" z_index=\"0\" content_parallax=\"0\" uncode_shortcode_id=\"133558\"][vc_column column_width_percent=\"100\" gutter_size=\"4\" style=\"dark\" overlay_alpha=\"50\" shift_x=\"0\" shift_y=\"0\" [...]","protected":false},"author":2,"featured_media":0,"parent":0,"menu_order":0,"comment_status":"closed","ping_status":"closed","template":"","meta":{"footnotes":""},"class_list":["post-7839","page","type-page","status-publish","hentry"],"yoast_head":"<!-- This site is optimized with the Yoast SEO plugin v27.4 - https:\/\/yoast.com\/product\/yoast-seo-wordpress\/ -->\n<title>Pol\u00edtica de qualitat - Fundaci\u00f3n Privada Nous Cims<\/title>\n<meta name=\"robots\" content=\"index, follow, max-snippet:-1, max-image-preview:large, max-video-preview:-1\" \/>\n<link rel=\"canonical\" href=\"https:\/\/www.nouscims.com\/ca\/politica-de-qualitat\/\" \/>\n<meta property=\"og:locale\" content=\"ca_ES\" \/>\n<meta property=\"og:type\" content=\"article\" \/>\n<meta property=\"og:title\" content=\"Pol\u00edtica de qualitat - Fundaci\u00f3n Privada Nous Cims\" \/>\n<meta property=\"og:url\" content=\"https:\/\/www.nouscims.com\/ca\/politica-de-qualitat\/\" \/>\n<meta property=\"og:site_name\" content=\"Fundaci\u00f3n Privada Nous Cims\" \/>\n<meta property=\"article:publisher\" content=\"https:\/\/www.facebook.com\/nouscims\" \/>\n<meta property=\"article:modified_time\" content=\"2025-11-06T17:11:42+00:00\" \/>\n<meta name=\"twitter:card\" content=\"summary_large_image\" \/>\n<meta name=\"twitter:site\" content=\"@nouscims\" \/>\n<meta name=\"twitter:label1\" content=\"Temps estimat de lectura\" \/>\n\t<meta name=\"twitter:data1\" content=\"4 minuts\" \/>\n<script type=\"application\/ld+json\" class=\"yoast-schema-graph\">{\"@context\":\"https:\\\/\\\/schema.org\",\"@graph\":[{\"@type\":\"WebPage\",\"@id\":\"https:\\\/\\\/www.nouscims.com\\\/ca\\\/politica-de-qualitat\\\/\",\"url\":\"https:\\\/\\\/www.nouscims.com\\\/ca\\\/politica-de-qualitat\\\/\",\"name\":\"Pol\u00edtica de qualitat - Fundaci\u00f3n Privada Nous Cims\",\"isPartOf\":{\"@id\":\"https:\\\/\\\/www.nouscims.com\\\/ca\\\/#website\"},\"datePublished\":\"2023-05-30T11:14:21+00:00\",\"dateModified\":\"2025-11-06T17:11:42+00:00\",\"breadcrumb\":{\"@id\":\"https:\\\/\\\/www.nouscims.com\\\/ca\\\/politica-de-qualitat\\\/#breadcrumb\"},\"inLanguage\":\"ca\",\"potentialAction\":[{\"@type\":\"ReadAction\",\"target\":[\"https:\\\/\\\/www.nouscims.com\\\/ca\\\/politica-de-qualitat\\\/\"]}]},{\"@type\":\"BreadcrumbList\",\"@id\":\"https:\\\/\\\/www.nouscims.com\\\/ca\\\/politica-de-qualitat\\\/#breadcrumb\",\"itemListElement\":[{\"@type\":\"ListItem\",\"position\":1,\"name\":\"Portada\",\"item\":\"https:\\\/\\\/www.nouscims.com\\\/ca\\\/\"},{\"@type\":\"ListItem\",\"position\":2,\"name\":\"Pol\u00edtica de qualitat\"}]},{\"@type\":\"WebSite\",\"@id\":\"https:\\\/\\\/www.nouscims.com\\\/ca\\\/#website\",\"url\":\"https:\\\/\\\/www.nouscims.com\\\/ca\\\/\",\"name\":\"Fundaci\u00f3n Privada Nous Cims\",\"description\":\"Impulsamos y desarrollamos proyectos de innovaci\u00f3n social\",\"potentialAction\":[{\"@type\":\"SearchAction\",\"target\":{\"@type\":\"EntryPoint\",\"urlTemplate\":\"https:\\\/\\\/www.nouscims.com\\\/ca\\\/?s={search_term_string}\"},\"query-input\":{\"@type\":\"PropertyValueSpecification\",\"valueRequired\":true,\"valueName\":\"search_term_string\"}}],\"inLanguage\":\"ca\"}]}<\/script>\n<!-- \/ Yoast SEO plugin. -->","yoast_head_json":{"title":"Pol\u00edtica de qualitat - Fundaci\u00f3n Privada Nous Cims","robots":{"index":"index","follow":"follow","max-snippet":"max-snippet:-1","max-image-preview":"max-image-preview:large","max-video-preview":"max-video-preview:-1"},"canonical":"https:\/\/www.nouscims.com\/ca\/politica-de-qualitat\/","og_locale":"ca_ES","og_type":"article","og_title":"Pol\u00edtica de qualitat - Fundaci\u00f3n Privada Nous Cims","og_url":"https:\/\/www.nouscims.com\/ca\/politica-de-qualitat\/","og_site_name":"Fundaci\u00f3n Privada Nous Cims","article_publisher":"https:\/\/www.facebook.com\/nouscims","article_modified_time":"2025-11-06T17:11:42+00:00","twitter_card":"summary_large_image","twitter_site":"@nouscims","twitter_misc":{"Temps estimat de lectura":"4 minuts"},"schema":{"@context":"https:\/\/schema.org","@graph":[{"@type":"WebPage","@id":"https:\/\/www.nouscims.com\/ca\/politica-de-qualitat\/","url":"https:\/\/www.nouscims.com\/ca\/politica-de-qualitat\/","name":"Pol\u00edtica de qualitat - Fundaci\u00f3n Privada Nous Cims","isPartOf":{"@id":"https:\/\/www.nouscims.com\/ca\/#website"},"datePublished":"2023-05-30T11:14:21+00:00","dateModified":"2025-11-06T17:11:42+00:00","breadcrumb":{"@id":"https:\/\/www.nouscims.com\/ca\/politica-de-qualitat\/#breadcrumb"},"inLanguage":"ca","potentialAction":[{"@type":"ReadAction","target":["https:\/\/www.nouscims.com\/ca\/politica-de-qualitat\/"]}]},{"@type":"BreadcrumbList","@id":"https:\/\/www.nouscims.com\/ca\/politica-de-qualitat\/#breadcrumb","itemListElement":[{"@type":"ListItem","position":1,"name":"Portada","item":"https:\/\/www.nouscims.com\/ca\/"},{"@type":"ListItem","position":2,"name":"Pol\u00edtica de qualitat"}]},{"@type":"WebSite","@id":"https:\/\/www.nouscims.com\/ca\/#website","url":"https:\/\/www.nouscims.com\/ca\/","name":"Fundaci\u00f3n Privada Nous Cims","description":"Impulsamos y desarrollamos proyectos de innovaci\u00f3n social","potentialAction":[{"@type":"SearchAction","target":{"@type":"EntryPoint","urlTemplate":"https:\/\/www.nouscims.com\/ca\/?s={search_term_string}"},"query-input":{"@type":"PropertyValueSpecification","valueRequired":true,"valueName":"search_term_string"}}],"inLanguage":"ca"}]}},"_links":{"self":[{"href":"https:\/\/www.nouscims.com\/ca\/wp-json\/wp\/v2\/pages\/7839","targetHints":{"allow":["GET"]}}],"collection":[{"href":"https:\/\/www.nouscims.com\/ca\/wp-json\/wp\/v2\/pages"}],"about":[{"href":"https:\/\/www.nouscims.com\/ca\/wp-json\/wp\/v2\/types\/page"}],"author":[{"embeddable":true,"href":"https:\/\/www.nouscims.com\/ca\/wp-json\/wp\/v2\/users\/2"}],"replies":[{"embeddable":true,"href":"https:\/\/www.nouscims.com\/ca\/wp-json\/wp\/v2\/comments?post=7839"}],"version-history":[{"count":6,"href":"https:\/\/www.nouscims.com\/ca\/wp-json\/wp\/v2\/pages\/7839\/revisions"}],"predecessor-version":[{"id":13176,"href":"https:\/\/www.nouscims.com\/ca\/wp-json\/wp\/v2\/pages\/7839\/revisions\/13176"}],"wp:attachment":[{"href":"https:\/\/www.nouscims.com\/ca\/wp-json\/wp\/v2\/media?parent=7839"}],"curies":[{"name":"wp","href":"https:\/\/api.w.org\/{rel}","templated":true}]}}