{"id":2384,"date":"2019-12-20T14:32:15","date_gmt":"2019-12-20T13:32:15","guid":{"rendered":"https:\/\/www.nouscims.com\/transparencia\/"},"modified":"2025-12-02T20:06:57","modified_gmt":"2025-12-02T19:06:57","slug":"transparencia","status":"publish","type":"page","link":"https:\/\/www.nouscims.com\/ca\/qui-som\/transparencia\/","title":{"rendered":"Transpar\u00e8ncia"},"content":{"rendered":"<div class=\"wpb-content-wrapper\"><p>[vc_row row_height_percent=&#8221;0&#8243; override_padding=&#8221;yes&#8221; h_padding=&#8221;0&#8243; top_padding=&#8221;2&#8243; bottom_padding=&#8221;3&#8243; overlay_alpha=&#8221;50&#8243; gutter_size=&#8221;3&#8243; column_width_percent=&#8221;100&#8243; shift_y=&#8221;0&#8243; z_index=&#8221;0&#8243; content_parallax=&#8221;0&#8243; uncode_shortcode_id=&#8221;132354&#8243;][vc_column width=&#8221;1\/1&#8243;][vc_wp_custommenu nav_menu=&#8221;29&#8243; nav_menu_horizontal=&#8221;1&#8243;][\/vc_column][\/vc_row][vc_row unlock_row_content=&#8221;yes&#8221; row_height_percent=&#8221;0&#8243; override_padding=&#8221;yes&#8221; h_padding=&#8221;2&#8243; top_padding=&#8221;0&#8243; bottom_padding=&#8221;4&#8243; overlay_alpha=&#8221;50&#8243; gutter_size=&#8221;4&#8243; column_width_percent=&#8221;100&#8243; shift_y=&#8221;0&#8243; z_index=&#8221;0&#8243; content_parallax=&#8221;0&#8243; uncode_shortcode_id=&#8221;152565&#8243;][vc_column width=&#8221;1\/3&#8243;][vc_single_image media=&#8221;11189&#8243; media_width_percent=&#8221;100&#8243; uncode_shortcode_id=&#8221;310999&#8243;][\/vc_column][vc_column width=&#8221;2\/3&#8243;][vc_accordion typography=&#8221;advanced&#8221; gutter_simple=&#8221;0&#8243; titles_size=&#8221;h4&#8243; titles_weight=&#8221;500&#8243; uncode_shortcode_id=&#8221;175094&#8243; active_tab=&#8221;0&#8243;][vc_accordion_tab title=&#8221;Finalitat de l&apos;entitat, missi\u00f3 i activitats&#8221; tab_id=&#8221;1573663066-1-959&#8243;][vc_column_text uncode_shortcode_id=&#8221;615508&#8243;]La Fundaci\u00f3 Privada Nous Cims, amb CIF G-66621350, ha estat inscrita l\u2019any 2015 amb el n\u00famero 2.937 al registre de Fundacions de la Generalitat de Catalunya. Per estar classificada com a fundaci\u00f3 ben\u00e8fica de tipus assistencial, Nous Cims est\u00e0 acollida a la Llei 49\/2002, del 23 de desembre, de r\u00e8gim fiscal de les entitats sense fins lucratius i dels incentius fiscals al mecenatge. <\/p>\n<p>La missi\u00f3 de Nous Cims \u00e9s desenvolupar i crear projectes socials innovadors, transformadors i sostenibles en els \u00e0mbits de l\u2019<a href=\"https:\/\/www.nouscims.com\/ca\/ocupabilitat\/\">ocupabilitat<\/a>, el <a href=\"https:\/\/www.nouscims.com\/ca\/benestar-emocional\/\">benestar emocional<\/a> i el <a href=\"https:\/\/www.nouscims.com\/ca\/desenvolupament-global\/\">desenvolupament global<\/a> amb l\u2019objectiu d\u2019impactar en les persones m\u00e9s vulnerables, especialment dones, joves i nens, tant en l\u2019entorn m\u00e9s proper com en pa\u00efsos emergents. Actualment, la fundaci\u00f3 actua en 55 projectes repartits en 19 pa\u00efsos, gr\u00e0cies a la col\u00b7laboraci\u00f3 de prop de 150 organitzacions l\u00edders i petites entitats locals del tercer sector.[\/vc_column_text][\/vc_accordion_tab][vc_accordion_tab gutter_size=&#8221;2&#8243; column_padding=&#8221;2&#8243; title=&#8221;Col\u00b7lectiu de participants dels programes&#8221; tab_id=&#8221;1573663066-2-708&#8243;][vc_column_text uncode_shortcode_id=&#8221;166013&#8243;]Podran ser participants de la Fundaci\u00f3 Nous Cims aquelles persones que estiguin dins del seu<a href=\"https:\/\/www.nouscims.com\/ca\/qui-som\/sobre-nous-cims\/\"> objecte i finalitats<\/a>. L\u2019elecci\u00f3 dels participants ser\u00e0 efectuada pel Patronat amb criteris d\u2019imparcialitat i no discriminaci\u00f3 entre les persones que reuneixin les circumst\u00e0ncies seg\u00fcents: demanar una prestaci\u00f3 o servei que la fundaci\u00f3 pugui oferir, i que compleixin els requisits espec\u00edfics que, complement\u00e0riament, pugui acordar el Patronat. <\/p>\n<p>Pel que fa als participants en concret, aquests es troben entre els inclosos entre les diferents \u00e0rees d\u2019atenci\u00f3 que formen part de l\u2019objecte de la fundaci\u00f3. Pot obtenir-se un major desenvolupament a partir de la lectura de la Mem\u00f2ria d\u2019Activitats de cada exercici.[\/vc_column_text][\/vc_accordion_tab][vc_accordion_tab title=&#8221;Estatuts&#8221; tab_id=&#8221;1573663316450-2-09&#8243;][vc_row_inner][vc_column_inner column_width_percent=&#8221;100&#8243; align_horizontal=&#8221;align_center&#8221; gutter_size=&#8221;3&#8243; overlay_alpha=&#8221;50&#8243; shift_x=&#8221;0&#8243; shift_y=&#8221;0&#8243; shift_y_down=&#8221;0&#8243; z_index=&#8221;0&#8243; medium_width=&#8221;0&#8243; mobile_width=&#8221;0&#8243; width=&#8221;1\/1&#8243; uncode_shortcode_id=&#8221;176145&#8243;][vc_button button_color=&#8221;color-nousred&#8221; border_width=&#8221;0&#8243; link=&#8221;url:https%3A%2F%2Fwww.nouscims.com%2Fwp-content%2Fuploads%2F2024%2F06%2FNOUS-CIMS-Estatutos.pdf|target:_blank|&#8221; button_color_type=&#8221;uncode-palette&#8221; uncode_shortcode_id=&#8221;172877&#8243;]Descarregar[\/vc_button][\/vc_column_inner][\/vc_row_inner][\/vc_accordion_tab][vc_accordion_tab title=&#8221;Composici\u00f3 d\u2019\u00f2rgans de govern i directius&#8221; tab_id=&#8221;1573663384179-3-54&#8243;][uncode_list uncode_shortcode_id=&#8221;680814&#8243; el_class=&#8221;hacklistgobierno&#8221;]<\/p>\n<ul>\n<li>Maria Teresa Giralt (Presidenta d&#8217;honor)<\/li>\n<li>Jos\u00e9 Luis Rubiralta Giralt (President)<\/li>\n<li>Xavier Rubiralta Giralt (Secretari)<\/li>\n<li>Marc Rubiralta Giralt (Tresorer)<\/li>\n<li>Foix Vald\u00e9 Via (Vocal)<\/li>\n<li>Aina Flux\u00e0 Orti (Vocal)<\/li>\n<li>Marta Sainz Ludevid (Vocal)<\/li>\n<\/ul>\n<p>[\/uncode_list][\/vc_accordion_tab][vc_accordion_tab title=&#8221;Estructura organitzativa&#8221; tab_id=&#8221;1573663465777-4-91&#8243;][vc_row_inner][vc_column_inner column_width_percent=&#8221;100&#8243; align_horizontal=&#8221;align_center&#8221; gutter_size=&#8221;3&#8243; overlay_alpha=&#8221;50&#8243; shift_x=&#8221;0&#8243; shift_y=&#8221;0&#8243; shift_y_down=&#8221;0&#8243; z_index=&#8221;0&#8243; medium_width=&#8221;0&#8243; mobile_width=&#8221;0&#8243; width=&#8221;1\/1&#8243; uncode_shortcode_id=&#8221;105630&#8243;][vc_button button_color=&#8221;color-nousred&#8221; border_width=&#8221;0&#8243; link=&#8221;url:https%3A%2F%2Fwww.nouscims.com%2Fwp-content%2Fuploads%2F2025%2F11%2FOrganigrama_2025.pdf|target:_blank|&#8221; button_color_type=&#8221;uncode-palette&#8221; uncode_shortcode_id=&#8221;658961&#8243;]Descarregar[\/vc_button][\/vc_column_inner][\/vc_row_inner][\/vc_accordion_tab][vc_accordion_tab title=&#8221;Adre\u00e7a de correu postal&#8221; tab_id=&#8221;1573663506473-5-83&#8243;][vc_column_text]c\/Enten\u00e7a, 332-332, 7\u00aa planta<\/p>\n<p>08029 Barcelona[\/vc_column_text][\/vc_accordion_tab][vc_accordion_tab title=&#8221;Adre\u00e7a de correu electr\u00f2nica&#8221; tab_id=&#8221;1573663537401-6-57&#8243;][vc_column_text]<a href=\"mailto:hola@nouscims.com\">hola@nouscims.com<\/a>[\/vc_column_text][\/vc_accordion_tab][vc_accordion_tab title=&#8221;Programa i mem\u00f2ria anual d\u2019activitats, aix\u00ed com resultat de les activitats complertes&#8221; tab_id=&#8221;1573663574988-7-40&#8243;][vc_column_text]Aquests apartats es troben \u00e0mpliament desenvolupats en la Mem\u00f2ria anual d\u2019activitats, de la qual s\u2019adjunta c\u00f2pia. <\/p>\n<p>Per a m\u00e9s informaci\u00f3, no dubteu a contactar amb nosaltres a l\u2019e-mail <a href=\"mailto:hola@nouscims.com\">hola@nouscims.com<\/a> i al tel\u00e8fon 667 92 02 50.<br \/>[\/vc_column_text][vc_row_inner limit_content=&#8221;&#8221;][vc_column_inner column_width_percent=&#8221;50&#8243; align_horizontal=&#8221;align_center&#8221; gutter_size=&#8221;3&#8243; overlay_alpha=&#8221;50&#8243; shift_x=&#8221;0&#8243; shift_y=&#8221;0&#8243; shift_y_down=&#8221;0&#8243; z_index=&#8221;0&#8243; medium_width=&#8221;0&#8243; mobile_width=&#8221;0&#8243; width=&#8221;1\/1&#8243;][vc_empty_space empty_h=&#8221;1&#8243;][vc_column_text uncode_shortcode_id=&#8221;190533&#8243;]<\/p>\n<table>\n<tbody>\n<tr>\n<th>Any<\/th>\n<th>Memoria d&#8217;activitats<\/th>\n<\/tr>\n<tr>\n<td>2024<\/td>\n<td><a href=\"https:\/\/www.nouscims.com\/wp-content\/uploads\/2025\/12\/20250609_FNC_Memoria_Activitats_24_desc_CAT_-def.pdf\">Memoria anual Nous Cims<\/a><\/td>\n<\/tr>\n<tr>\n<td>2023<\/td>\n<td><a href=\"https:\/\/www.nouscims.com\/wp-content\/uploads\/2025\/02\/F.Nous_.Cims_.Memoria.Activitats.2023.pdf\">Mem\u00f2ria anual Nous Cims<\/a><\/td>\n<\/tr>\n<tr>\n<td>2022<\/td>\n<td><a href=\"https:\/\/www.nouscims.com\/wp-content\/uploads\/2023\/06\/F.Nous_.Cims_.Memoria.Activitats.2022.pdf\">Mem\u00f2ria anual Nous Cims<\/a><\/td>\n<\/tr>\n<tr>\n<td>2021<\/td>\n<td><a href=\"https:\/\/www.nouscims.com\/wp-content\/uploads\/2023\/01\/FNC.Memoria.Activitats.2021.pdf\" target=\"_blank\" rel=\"noopener noreferrer\">Mem\u00f2ria anual Nous Cims<\/a><\/td>\n<\/tr>\n<tr>\n<td>2020<\/td>\n<td><a href=\"https:\/\/www.nouscims.com\/wp-content\/uploads\/2021\/09\/FNC.Mem%C3%B2ria.Activitats.2020-1.pdf\" target=\"_blank\" rel=\"noopener noreferrer\">Mem\u00f2ria anual Nous Cims<\/a><\/td>\n<\/tr>\n<tr>\n<td>2019<\/td>\n<td><a href=\"https:\/\/www.nouscims.com\/wp-content\/uploads\/2020\/09\/Mem%C3%B2ria-2019-NousCims.pdf\" target=\"_blank\" rel=\"noopener noreferrer\">Mem\u00f2ria anual Nous Cims<\/a><\/td>\n<\/tr>\n<tr>\n<td>2018<\/td>\n<td><a href=\"https:\/\/www.nouscims.com\/wp-content\/uploads\/2019\/11\/FNC_Memoria_Activitats_2018.pdf\" target=\"_blank\" rel=\"noopener noreferrer\">Mem\u00f2ria anual Nous Cims<\/a><\/td>\n<\/tr>\n<tr>\n<td>2017<\/td>\n<td><a href=\"https:\/\/www.nouscims.com\/wp-content\/uploads\/2019\/11\/FNC_Memoria_Activitats_2017.pdf\" target=\"_blank\" rel=\"noopener noreferrer\">Mem\u00f2ria anual Nous Cims<\/a><\/td>\n<\/tr>\n<tr>\n<td>2016<\/td>\n<td><a href=\"https:\/\/www.nouscims.com\/wp-content\/uploads\/2019\/11\/FNC_Memoria_Activitats_2016.pdf\" target=\"_blank\" rel=\"noopener noreferrer\">Mem\u00f2ria anual Nous Cims<\/a><\/td>\n<\/tr>\n<tr>\n<td>2015<\/td>\n<td><a href=\"https:\/\/www.nouscims.com\/wp-content\/uploads\/2019\/11\/FNC_Memoria_Activitats_2015.pdf\" target=\"_blank\" rel=\"noopener noreferrer\">Mem\u00f2ria anual Nous Cims<\/a><\/td>\n<\/tr>\n<\/tbody>\n<\/table>\n<p>[\/vc_column_text][\/vc_column_inner][\/vc_row_inner][\/vc_accordion_tab][vc_accordion_tab gutter_size=&#8221;2&#8243; column_padding=&#8221;2&#8243; title=&#8221;Identificador d\u2019inscripci\u00f3 al Registre de grups d\u2019inter\u00e8s&#8221; tab_id=&#8221;1759846612799-9-2&#8243;][vc_column_text uncode_shortcode_id=&#8221;204396&#8243;]La Fundaci\u00f3 Privada Nous Cims no es troba inscrita a cap registre de grups d\u2019inter\u00e8s.[\/vc_column_text][\/vc_accordion_tab][vc_accordion_tab gutter_size=&#8221;2&#8243; column_padding=&#8221;2&#8243; title=&#8221;Comptes auditats&#8221; tab_id=&#8221;1717057255609-9-51&#8243;][vc_row_inner limit_content=&#8221;&#8221;][vc_column_inner column_width_percent=&#8221;50&#8243; align_horizontal=&#8221;align_center&#8221; gutter_size=&#8221;3&#8243; overlay_alpha=&#8221;50&#8243; shift_x=&#8221;0&#8243; shift_y=&#8221;0&#8243; shift_y_down=&#8221;0&#8243; z_index=&#8221;0&#8243; medium_width=&#8221;0&#8243; mobile_width=&#8221;0&#8243; width=&#8221;1\/1&#8243;][vc_column_text uncode_shortcode_id=&#8221;106087&#8243;]<\/p>\n<table style=\"height: 250px;\" width=\"140\">\n<tbody>\n<tr>\n<td>2024<\/td>\n<td><a href=\"https:\/\/www.nouscims.com\/wp-content\/uploads\/2025\/12\/2942JUS-PRIVADA-NOUS-CIMS-CUENTAS-CA-2024.pdf\">Comptes anuals<\/a><\/td>\n<\/tr>\n<tr>\n<td>2023<\/td>\n<td><a href=\"https:\/\/www.nouscims.com\/wp-content\/uploads\/2025\/02\/F.Nous_.Cims_.CC_.AA_.2023.signats.pdf\">Comptes anuals<\/a><\/td>\n<\/tr>\n<tr>\n<td>2022<\/td>\n<td><a href=\"https:\/\/www.nouscims.com\/wp-content\/uploads\/2024\/05\/F.Nous_.Cims_.CC_.AA_.2022.signats.pdf\">Comptes anuals<\/a><\/td>\n<\/tr>\n<tr>\n<td>2021<\/td>\n<td><a href=\"https:\/\/www.nouscims.com\/wp-content\/uploads\/2024\/05\/22.06.17.F.Nous_.Cims_.CCAA_.2021.signats.pdf\">Comptes anuals<\/a><\/td>\n<\/tr>\n<tr>\n<td>2020<\/td>\n<td><a href=\"https:\/\/www.nouscims.com\/wp-content\/uploads\/2024\/05\/FNC.CCAA_.2020.signats.pdf\">Comptes anuals<\/a><\/td>\n<\/tr>\n<tr>\n<td>2019<\/td>\n<td><a href=\"https:\/\/www.nouscims.com\/wp-content\/uploads\/2024\/05\/2019-CCAA-FUNDACION-NOUS-CIMS.pdf\">Comptes anuals<\/a><\/td>\n<\/tr>\n<\/tbody>\n<\/table>\n<p>[\/vc_column_text][\/vc_column_inner][\/vc_row_inner][\/vc_accordion_tab][\/vc_accordion][\/vc_column][\/vc_row]<\/p>\n<\/div>","protected":false},"excerpt":{"rendered":"[vc_row row_height_percent=\"0\" override_padding=\"yes\" h_padding=\"0\" top_padding=\"2\" bottom_padding=\"3\" overlay_alpha=\"50\" gutter_size=\"3\" column_width_percent=\"100\" shift_y=\"0\" z_index=\"0\" content_parallax=\"0\" uncode_shortcode_id=\"132354\"][vc_column width=\"1\/1\"][vc_wp_custommenu nav_menu=\"29\" nav_menu_horizontal=\"1\"][\/vc_column][\/vc_row][vc_row unlock_row_content=\"yes\" row_height_percent=\"0\" override_padding=\"yes\" h_padding=\"2\" [...]","protected":false},"author":1,"featured_media":12613,"parent":2386,"menu_order":0,"comment_status":"closed","ping_status":"closed","template":"","meta":{"footnotes":""},"class_list":["post-2384","page","type-page","status-publish","has-post-thumbnail","hentry"],"yoast_head":"<!-- This site is optimized with the Yoast SEO plugin v27.4 - https:\/\/yoast.com\/product\/yoast-seo-wordpress\/ -->\n<title>Transpar\u00e8ncia - Fundaci\u00f3n Privada Nous Cims<\/title>\n<meta name=\"robots\" content=\"index, follow, max-snippet:-1, max-image-preview:large, max-video-preview:-1\" \/>\n<link rel=\"canonical\" href=\"https:\/\/www.nouscims.com\/ca\/qui-som\/transparencia\/\" \/>\n<meta property=\"og:locale\" content=\"ca_ES\" \/>\n<meta property=\"og:type\" content=\"article\" \/>\n<meta property=\"og:title\" content=\"Transpar\u00e8ncia - Fundaci\u00f3n Privada Nous Cims\" \/>\n<meta property=\"og:url\" content=\"https:\/\/www.nouscims.com\/ca\/qui-som\/transparencia\/\" \/>\n<meta property=\"og:site_name\" content=\"Fundaci\u00f3n Privada Nous Cims\" \/>\n<meta property=\"article:publisher\" content=\"https:\/\/www.facebook.com\/nouscims\" \/>\n<meta property=\"article:modified_time\" content=\"2025-12-02T19:06:57+00:00\" \/>\n<meta property=\"og:image\" content=\"https:\/\/www.nouscims.com\/wp-content\/uploads\/2025\/10\/transparenciaportada_w.jpg\" \/>\n\t<meta property=\"og:image:width\" content=\"2200\" \/>\n\t<meta property=\"og:image:height\" content=\"1467\" \/>\n\t<meta property=\"og:image:type\" content=\"image\/jpeg\" \/>\n<meta name=\"twitter:card\" content=\"summary_large_image\" \/>\n<meta name=\"twitter:site\" content=\"@nouscims\" \/>\n<meta name=\"twitter:label1\" content=\"Temps estimat de lectura\" \/>\n\t<meta name=\"twitter:data1\" content=\"3 minuts\" \/>\n<script type=\"application\/ld+json\" class=\"yoast-schema-graph\">{\"@context\":\"https:\\\/\\\/schema.org\",\"@graph\":[{\"@type\":\"WebPage\",\"@id\":\"https:\\\/\\\/www.nouscims.com\\\/ca\\\/qui-som\\\/transparencia\\\/\",\"url\":\"https:\\\/\\\/www.nouscims.com\\\/ca\\\/qui-som\\\/transparencia\\\/\",\"name\":\"Transpar\u00e8ncia - Fundaci\u00f3n Privada Nous Cims\",\"isPartOf\":{\"@id\":\"https:\\\/\\\/www.nouscims.com\\\/ca\\\/#website\"},\"primaryImageOfPage\":{\"@id\":\"https:\\\/\\\/www.nouscims.com\\\/ca\\\/qui-som\\\/transparencia\\\/#primaryimage\"},\"image\":{\"@id\":\"https:\\\/\\\/www.nouscims.com\\\/ca\\\/qui-som\\\/transparencia\\\/#primaryimage\"},\"thumbnailUrl\":\"https:\\\/\\\/www.nouscims.com\\\/wp-content\\\/uploads\\\/2025\\\/10\\\/transparenciaportada_w.jpg\",\"datePublished\":\"2019-12-20T13:32:15+00:00\",\"dateModified\":\"2025-12-02T19:06:57+00:00\",\"breadcrumb\":{\"@id\":\"https:\\\/\\\/www.nouscims.com\\\/ca\\\/qui-som\\\/transparencia\\\/#breadcrumb\"},\"inLanguage\":\"ca\",\"potentialAction\":[{\"@type\":\"ReadAction\",\"target\":[\"https:\\\/\\\/www.nouscims.com\\\/ca\\\/qui-som\\\/transparencia\\\/\"]}]},{\"@type\":\"ImageObject\",\"inLanguage\":\"ca\",\"@id\":\"https:\\\/\\\/www.nouscims.com\\\/ca\\\/qui-som\\\/transparencia\\\/#primaryimage\",\"url\":\"https:\\\/\\\/www.nouscims.com\\\/wp-content\\\/uploads\\\/2025\\\/10\\\/transparenciaportada_w.jpg\",\"contentUrl\":\"https:\\\/\\\/www.nouscims.com\\\/wp-content\\\/uploads\\\/2025\\\/10\\\/transparenciaportada_w.jpg\",\"width\":2200,\"height\":1467},{\"@type\":\"BreadcrumbList\",\"@id\":\"https:\\\/\\\/www.nouscims.com\\\/ca\\\/qui-som\\\/transparencia\\\/#breadcrumb\",\"itemListElement\":[{\"@type\":\"ListItem\",\"position\":1,\"name\":\"Portada\",\"item\":\"https:\\\/\\\/www.nouscims.com\\\/ca\\\/\"},{\"@type\":\"ListItem\",\"position\":2,\"name\":\"Qui som\",\"item\":\"https:\\\/\\\/www.nouscims.com\\\/ca\\\/qui-som\\\/\"},{\"@type\":\"ListItem\",\"position\":3,\"name\":\"Transpar\u00e8ncia\"}]},{\"@type\":\"WebSite\",\"@id\":\"https:\\\/\\\/www.nouscims.com\\\/ca\\\/#website\",\"url\":\"https:\\\/\\\/www.nouscims.com\\\/ca\\\/\",\"name\":\"Fundaci\u00f3n Privada Nous Cims\",\"description\":\"Impulsamos y desarrollamos proyectos de innovaci\u00f3n social\",\"potentialAction\":[{\"@type\":\"SearchAction\",\"target\":{\"@type\":\"EntryPoint\",\"urlTemplate\":\"https:\\\/\\\/www.nouscims.com\\\/ca\\\/?s={search_term_string}\"},\"query-input\":{\"@type\":\"PropertyValueSpecification\",\"valueRequired\":true,\"valueName\":\"search_term_string\"}}],\"inLanguage\":\"ca\"}]}<\/script>\n<!-- \/ Yoast SEO plugin. -->","yoast_head_json":{"title":"Transpar\u00e8ncia - Fundaci\u00f3n Privada Nous Cims","robots":{"index":"index","follow":"follow","max-snippet":"max-snippet:-1","max-image-preview":"max-image-preview:large","max-video-preview":"max-video-preview:-1"},"canonical":"https:\/\/www.nouscims.com\/ca\/qui-som\/transparencia\/","og_locale":"ca_ES","og_type":"article","og_title":"Transpar\u00e8ncia - Fundaci\u00f3n Privada Nous Cims","og_url":"https:\/\/www.nouscims.com\/ca\/qui-som\/transparencia\/","og_site_name":"Fundaci\u00f3n Privada Nous Cims","article_publisher":"https:\/\/www.facebook.com\/nouscims","article_modified_time":"2025-12-02T19:06:57+00:00","og_image":[{"width":2200,"height":1467,"url":"https:\/\/www.nouscims.com\/wp-content\/uploads\/2025\/10\/transparenciaportada_w.jpg","type":"image\/jpeg"}],"twitter_card":"summary_large_image","twitter_site":"@nouscims","twitter_misc":{"Temps estimat de lectura":"3 minuts"},"schema":{"@context":"https:\/\/schema.org","@graph":[{"@type":"WebPage","@id":"https:\/\/www.nouscims.com\/ca\/qui-som\/transparencia\/","url":"https:\/\/www.nouscims.com\/ca\/qui-som\/transparencia\/","name":"Transpar\u00e8ncia - Fundaci\u00f3n Privada Nous Cims","isPartOf":{"@id":"https:\/\/www.nouscims.com\/ca\/#website"},"primaryImageOfPage":{"@id":"https:\/\/www.nouscims.com\/ca\/qui-som\/transparencia\/#primaryimage"},"image":{"@id":"https:\/\/www.nouscims.com\/ca\/qui-som\/transparencia\/#primaryimage"},"thumbnailUrl":"https:\/\/www.nouscims.com\/wp-content\/uploads\/2025\/10\/transparenciaportada_w.jpg","datePublished":"2019-12-20T13:32:15+00:00","dateModified":"2025-12-02T19:06:57+00:00","breadcrumb":{"@id":"https:\/\/www.nouscims.com\/ca\/qui-som\/transparencia\/#breadcrumb"},"inLanguage":"ca","potentialAction":[{"@type":"ReadAction","target":["https:\/\/www.nouscims.com\/ca\/qui-som\/transparencia\/"]}]},{"@type":"ImageObject","inLanguage":"ca","@id":"https:\/\/www.nouscims.com\/ca\/qui-som\/transparencia\/#primaryimage","url":"https:\/\/www.nouscims.com\/wp-content\/uploads\/2025\/10\/transparenciaportada_w.jpg","contentUrl":"https:\/\/www.nouscims.com\/wp-content\/uploads\/2025\/10\/transparenciaportada_w.jpg","width":2200,"height":1467},{"@type":"BreadcrumbList","@id":"https:\/\/www.nouscims.com\/ca\/qui-som\/transparencia\/#breadcrumb","itemListElement":[{"@type":"ListItem","position":1,"name":"Portada","item":"https:\/\/www.nouscims.com\/ca\/"},{"@type":"ListItem","position":2,"name":"Qui som","item":"https:\/\/www.nouscims.com\/ca\/qui-som\/"},{"@type":"ListItem","position":3,"name":"Transpar\u00e8ncia"}]},{"@type":"WebSite","@id":"https:\/\/www.nouscims.com\/ca\/#website","url":"https:\/\/www.nouscims.com\/ca\/","name":"Fundaci\u00f3n Privada Nous Cims","description":"Impulsamos y desarrollamos proyectos de innovaci\u00f3n social","potentialAction":[{"@type":"SearchAction","target":{"@type":"EntryPoint","urlTemplate":"https:\/\/www.nouscims.com\/ca\/?s={search_term_string}"},"query-input":{"@type":"PropertyValueSpecification","valueRequired":true,"valueName":"search_term_string"}}],"inLanguage":"ca"}]}},"_links":{"self":[{"href":"https:\/\/www.nouscims.com\/ca\/wp-json\/wp\/v2\/pages\/2384","targetHints":{"allow":["GET"]}}],"collection":[{"href":"https:\/\/www.nouscims.com\/ca\/wp-json\/wp\/v2\/pages"}],"about":[{"href":"https:\/\/www.nouscims.com\/ca\/wp-json\/wp\/v2\/types\/page"}],"author":[{"embeddable":true,"href":"https:\/\/www.nouscims.com\/ca\/wp-json\/wp\/v2\/users\/1"}],"replies":[{"embeddable":true,"href":"https:\/\/www.nouscims.com\/ca\/wp-json\/wp\/v2\/comments?post=2384"}],"version-history":[{"count":80,"href":"https:\/\/www.nouscims.com\/ca\/wp-json\/wp\/v2\/pages\/2384\/revisions"}],"predecessor-version":[{"id":13688,"href":"https:\/\/www.nouscims.com\/ca\/wp-json\/wp\/v2\/pages\/2384\/revisions\/13688"}],"up":[{"embeddable":true,"href":"https:\/\/www.nouscims.com\/ca\/wp-json\/wp\/v2\/pages\/2386"}],"wp:featuredmedia":[{"embeddable":true,"href":"https:\/\/www.nouscims.com\/ca\/wp-json\/wp\/v2\/media\/12613"}],"wp:attachment":[{"href":"https:\/\/www.nouscims.com\/ca\/wp-json\/wp\/v2\/media?parent=2384"}],"curies":[{"name":"wp","href":"https:\/\/api.w.org\/{rel}","templated":true}]}}