{"id":2369,"date":"2019-11-04T18:08:14","date_gmt":"2019-11-04T17:08:14","guid":{"rendered":"https:\/\/www.nouscims.com\/equip\/"},"modified":"2026-05-08T11:52:19","modified_gmt":"2026-05-08T09:52:19","slug":"equip","status":"publish","type":"page","link":"https:\/\/www.nouscims.com\/ca\/qui-som\/equip\/","title":{"rendered":"Equip"},"content":{"rendered":"<div class=\"wpb-content-wrapper\"><p>[vc_row row_height_percent=&#8221;0&#8243; override_padding=&#8221;yes&#8221; h_padding=&#8221;0&#8243; top_padding=&#8221;2&#8243; bottom_padding=&#8221;3&#8243; overlay_alpha=&#8221;50&#8243; gutter_size=&#8221;3&#8243; column_width_percent=&#8221;100&#8243; shift_y=&#8221;0&#8243; z_index=&#8221;0&#8243; content_parallax=&#8221;0&#8243; uncode_shortcode_id=&#8221;132667&#8243;][vc_column width=&#8221;1\/1&#8243;][vc_wp_custommenu nav_menu=&#8221;29&#8243; nav_menu_horizontal=&#8221;1&#8243;][\/vc_column][\/vc_row][vc_row unlock_row_content=&#8221;yes&#8221; row_height_percent=&#8221;0&#8243; override_padding=&#8221;yes&#8221; h_padding=&#8221;2&#8243; top_padding=&#8221;0&#8243; bottom_padding=&#8221;3&#8243; overlay_alpha=&#8221;90&#8243; gutter_size=&#8221;3&#8243; column_width_percent=&#8221;100&#8243; shift_y=&#8221;0&#8243; z_index=&#8221;0&#8243; content_parallax=&#8221;0&#8243; uncode_shortcode_id=&#8221;513792&#8243;][vc_column column_width_percent=&#8221;75&#8243; align_horizontal=&#8221;align_center&#8221; gutter_size=&#8221;4&#8243; overlay_alpha=&#8221;50&#8243; shift_x=&#8221;0&#8243; shift_y=&#8221;0&#8243; shift_y_down=&#8221;0&#8243; z_index=&#8221;0&#8243; medium_width=&#8221;0&#8243; mobile_width=&#8221;0&#8243; width=&#8221;1\/1&#8243; uncode_shortcode_id=&#8221;116903&#8243;][vc_custom_heading text_size=&#8221;fontsize-182147&#8243; text_weight=&#8221;500&#8243; uncode_shortcode_id=&#8221;643983&#8243;]A Nous Cims ens mou l\u2019esperan\u00e7a d\u2019un futur millor i la convicci\u00f3 que \u00e9s possible construir-lo junts.[\/vc_custom_heading][\/vc_column][\/vc_row][vc_row row_height_percent=&#8221;0&#8243; override_padding=&#8221;yes&#8221; h_padding=&#8221;2&#8243; top_padding=&#8221;0&#8243; bottom_padding=&#8221;3&#8243; overlay_alpha=&#8221;50&#8243; gutter_size=&#8221;3&#8243; column_width_percent=&#8221;100&#8243; shift_y=&#8221;0&#8243; z_index=&#8221;0&#8243; content_parallax=&#8221;0&#8243; el_id=&#8221;equipo-grid&#8221; uncode_shortcode_id=&#8221;305244&#8243;][vc_column column_width_percent=&#8221;100&#8243; gutter_size=&#8221;3&#8243; override_padding=&#8221;yes&#8221; column_padding=&#8221;0&#8243; overlay_alpha=&#8221;50&#8243; shift_x=&#8221;0&#8243; shift_y=&#8221;0&#8243; shift_y_down=&#8221;0&#8243; z_index=&#8221;0&#8243; medium_width=&#8221;0&#8243; mobile_width=&#8221;0&#8243; width=&#8221;1\/1&#8243;][vc_gallery el_id=&#8221;equip-179088671&#8243; type=&#8221;css_grid&#8221; medias=&#8221;11917,11989,11789,11833,14772,11861,11953,12167,11969,14787,13749,11797,14764,11793,14752,11853,14803,11981,11869,11889,11881,11897,14807,13876,11929,13737,13741,11837,11905,14795,14768,14811,11945,11921,11809,11977,14783,11993,11941,13745,11893,11845,13713,11949,11805,13725,13717,14791,14799,13721,13881,11865,11885,11813,11825,11841,11849,11857,11933,11937,13729,13733,13753&#8243; grid_items=&#8221;3&#8243; screen_lg_items=&#8221;3&#8243; screen_lg_breakpoint=&#8221;1000&#8243; screen_md_items=&#8221;2&#8243; screen_md_breakpoint=&#8221;600&#8243; screen_sm_items=&#8221;2&#8243; screen_sm_breakpoint=&#8221;480&#8243; gutter_size=&#8221;2&#8243; css_grid_equal_height=&#8221;yes&#8221; media_items=&#8221;media|nolink|original,caption,title,sep-one|reduced,team-social&#8221; single_text=&#8221;under&#8221; css_grid_images_size=&#8221;three-four&#8221; single_overlay_opacity=&#8221;1&#8243; single_overlay_anim=&#8221;no&#8221; single_padding=&#8221;1&#8243; single_text_reduced=&#8221;yes&#8221; single_title_dimension=&#8221;h2&#8243; single_title_weight=&#8221;500&#8243; single_meta_custom_typo=&#8221;yes&#8221; single_meta_weight=&#8221;300&#8243; single_meta_transform=&#8221;uppercase&#8221; single_border=&#8221;yes&#8221; uncode_shortcode_id=&#8221;210779&#8243;][\/vc_column][\/vc_row][vc_row unlock_row_content=&#8221;yes&#8221; row_height_percent=&#8221;0&#8243; override_padding=&#8221;yes&#8221; h_padding=&#8221;4&#8243; top_padding=&#8221;3&#8243; bottom_padding=&#8221;3&#8243; back_color=&#8221;accent&#8221; overlay_alpha=&#8221;50&#8243; gutter_size=&#8221;3&#8243; column_width_percent=&#8221;100&#8243; shift_y=&#8221;0&#8243; z_index=&#8221;0&#8243; content_parallax=&#8221;0&#8243; uncode_shortcode_id=&#8221;996889&#8243; back_color_type=&#8221;uncode-palette&#8221;][vc_column column_width_percent=&#8221;100&#8243; align_horizontal=&#8221;align_center&#8221; gutter_size=&#8221;3&#8243; style=&#8221;dark&#8221; overlay_alpha=&#8221;50&#8243; shift_x=&#8221;0&#8243; shift_y=&#8221;0&#8243; shift_y_down=&#8221;0&#8243; z_index=&#8221;0&#8243; medium_width=&#8221;0&#8243; mobile_width=&#8221;0&#8243; width=&#8221;1\/1&#8243; uncode_shortcode_id=&#8221;795852&#8243;][vc_custom_heading heading_semantic=&#8221;h3&#8243; text_size=&#8221;fontsize-182147&#8243; text_weight=&#8221;500&#8243; uncode_shortcode_id=&#8221;520412&#8243;]El nostre impacte no es mesura nom\u00e9s en xifres o programes, sin\u00f3 en les hist\u00f2ries de vida que trobem en el nostre dia a dia, que ens interpel\u00b7len i alimenten la nostra implicaci\u00f3, vocaci\u00f3 i determinaci\u00f3 per a continuar avan\u00e7ant.[\/vc_custom_heading][\/vc_column][\/vc_row]<\/p>\n<\/div>","protected":false},"excerpt":{"rendered":"[vc_row row_height_percent=\"0\" override_padding=\"yes\" h_padding=\"0\" top_padding=\"2\" bottom_padding=\"3\" overlay_alpha=\"50\" gutter_size=\"3\" column_width_percent=\"100\" shift_y=\"0\" z_index=\"0\" content_parallax=\"0\" uncode_shortcode_id=\"132667\"][vc_column width=\"1\/1\"][vc_wp_custommenu nav_menu=\"29\" nav_menu_horizontal=\"1\"][\/vc_column][\/vc_row][vc_row unlock_row_content=\"yes\" row_height_percent=\"0\" override_padding=\"yes\" h_padding=\"2\" [...]","protected":false},"author":1,"featured_media":12605,"parent":2386,"menu_order":0,"comment_status":"closed","ping_status":"closed","template":"","meta":{"footnotes":""},"class_list":["post-2369","page","type-page","status-publish","has-post-thumbnail","hentry"],"yoast_head":"<!-- This site is optimized with the Yoast SEO plugin v27.4 - https:\/\/yoast.com\/product\/yoast-seo-wordpress\/ -->\n<title>Equip - Fundaci\u00f3n Privada Nous Cims<\/title>\n<meta name=\"robots\" content=\"index, follow, max-snippet:-1, max-image-preview:large, max-video-preview:-1\" \/>\n<link rel=\"canonical\" href=\"https:\/\/www.nouscims.com\/ca\/qui-som\/equip\/\" \/>\n<meta property=\"og:locale\" content=\"ca_ES\" \/>\n<meta property=\"og:type\" content=\"article\" \/>\n<meta property=\"og:title\" content=\"Equip - Fundaci\u00f3n Privada Nous Cims\" \/>\n<meta property=\"og:url\" content=\"https:\/\/www.nouscims.com\/ca\/qui-som\/equip\/\" \/>\n<meta property=\"og:site_name\" content=\"Fundaci\u00f3n Privada Nous Cims\" \/>\n<meta property=\"article:publisher\" content=\"https:\/\/www.facebook.com\/nouscims\" \/>\n<meta property=\"article:modified_time\" content=\"2026-05-08T09:52:19+00:00\" \/>\n<meta property=\"og:image\" content=\"https:\/\/www.nouscims.com\/wp-content\/uploads\/2025\/10\/portadaequipo_w.jpg\" \/>\n\t<meta property=\"og:image:width\" content=\"2200\" \/>\n\t<meta property=\"og:image:height\" content=\"1464\" \/>\n\t<meta property=\"og:image:type\" content=\"image\/jpeg\" \/>\n<meta name=\"twitter:card\" content=\"summary_large_image\" \/>\n<meta name=\"twitter:site\" content=\"@nouscims\" \/>\n<meta name=\"twitter:label1\" content=\"Temps estimat de lectura\" \/>\n\t<meta name=\"twitter:data1\" content=\"2 minuts\" \/>\n<script type=\"application\/ld+json\" class=\"yoast-schema-graph\">{\"@context\":\"https:\\\/\\\/schema.org\",\"@graph\":[{\"@type\":\"WebPage\",\"@id\":\"https:\\\/\\\/www.nouscims.com\\\/ca\\\/qui-som\\\/equip\\\/\",\"url\":\"https:\\\/\\\/www.nouscims.com\\\/ca\\\/qui-som\\\/equip\\\/\",\"name\":\"Equip - Fundaci\u00f3n Privada Nous Cims\",\"isPartOf\":{\"@id\":\"https:\\\/\\\/www.nouscims.com\\\/ca\\\/#website\"},\"primaryImageOfPage\":{\"@id\":\"https:\\\/\\\/www.nouscims.com\\\/ca\\\/qui-som\\\/equip\\\/#primaryimage\"},\"image\":{\"@id\":\"https:\\\/\\\/www.nouscims.com\\\/ca\\\/qui-som\\\/equip\\\/#primaryimage\"},\"thumbnailUrl\":\"https:\\\/\\\/www.nouscims.com\\\/wp-content\\\/uploads\\\/2025\\\/10\\\/portadaequipo_w.jpg\",\"datePublished\":\"2019-11-04T17:08:14+00:00\",\"dateModified\":\"2026-05-08T09:52:19+00:00\",\"breadcrumb\":{\"@id\":\"https:\\\/\\\/www.nouscims.com\\\/ca\\\/qui-som\\\/equip\\\/#breadcrumb\"},\"inLanguage\":\"ca\",\"potentialAction\":[{\"@type\":\"ReadAction\",\"target\":[\"https:\\\/\\\/www.nouscims.com\\\/ca\\\/qui-som\\\/equip\\\/\"]}]},{\"@type\":\"ImageObject\",\"inLanguage\":\"ca\",\"@id\":\"https:\\\/\\\/www.nouscims.com\\\/ca\\\/qui-som\\\/equip\\\/#primaryimage\",\"url\":\"https:\\\/\\\/www.nouscims.com\\\/wp-content\\\/uploads\\\/2025\\\/10\\\/portadaequipo_w.jpg\",\"contentUrl\":\"https:\\\/\\\/www.nouscims.com\\\/wp-content\\\/uploads\\\/2025\\\/10\\\/portadaequipo_w.jpg\",\"width\":2200,\"height\":1464},{\"@type\":\"BreadcrumbList\",\"@id\":\"https:\\\/\\\/www.nouscims.com\\\/ca\\\/qui-som\\\/equip\\\/#breadcrumb\",\"itemListElement\":[{\"@type\":\"ListItem\",\"position\":1,\"name\":\"Portada\",\"item\":\"https:\\\/\\\/www.nouscims.com\\\/ca\\\/\"},{\"@type\":\"ListItem\",\"position\":2,\"name\":\"Qui som\",\"item\":\"https:\\\/\\\/www.nouscims.com\\\/ca\\\/qui-som\\\/\"},{\"@type\":\"ListItem\",\"position\":3,\"name\":\"Equip\"}]},{\"@type\":\"WebSite\",\"@id\":\"https:\\\/\\\/www.nouscims.com\\\/ca\\\/#website\",\"url\":\"https:\\\/\\\/www.nouscims.com\\\/ca\\\/\",\"name\":\"Fundaci\u00f3n Privada Nous Cims\",\"description\":\"Impulsamos y desarrollamos proyectos de innovaci\u00f3n social\",\"potentialAction\":[{\"@type\":\"SearchAction\",\"target\":{\"@type\":\"EntryPoint\",\"urlTemplate\":\"https:\\\/\\\/www.nouscims.com\\\/ca\\\/?s={search_term_string}\"},\"query-input\":{\"@type\":\"PropertyValueSpecification\",\"valueRequired\":true,\"valueName\":\"search_term_string\"}}],\"inLanguage\":\"ca\"}]}<\/script>\n<!-- \/ Yoast SEO plugin. -->","yoast_head_json":{"title":"Equip - Fundaci\u00f3n Privada Nous Cims","robots":{"index":"index","follow":"follow","max-snippet":"max-snippet:-1","max-image-preview":"max-image-preview:large","max-video-preview":"max-video-preview:-1"},"canonical":"https:\/\/www.nouscims.com\/ca\/qui-som\/equip\/","og_locale":"ca_ES","og_type":"article","og_title":"Equip - Fundaci\u00f3n Privada Nous Cims","og_url":"https:\/\/www.nouscims.com\/ca\/qui-som\/equip\/","og_site_name":"Fundaci\u00f3n Privada Nous Cims","article_publisher":"https:\/\/www.facebook.com\/nouscims","article_modified_time":"2026-05-08T09:52:19+00:00","og_image":[{"width":2200,"height":1464,"url":"https:\/\/www.nouscims.com\/wp-content\/uploads\/2025\/10\/portadaequipo_w.jpg","type":"image\/jpeg"}],"twitter_card":"summary_large_image","twitter_site":"@nouscims","twitter_misc":{"Temps estimat de lectura":"2 minuts"},"schema":{"@context":"https:\/\/schema.org","@graph":[{"@type":"WebPage","@id":"https:\/\/www.nouscims.com\/ca\/qui-som\/equip\/","url":"https:\/\/www.nouscims.com\/ca\/qui-som\/equip\/","name":"Equip - Fundaci\u00f3n Privada Nous Cims","isPartOf":{"@id":"https:\/\/www.nouscims.com\/ca\/#website"},"primaryImageOfPage":{"@id":"https:\/\/www.nouscims.com\/ca\/qui-som\/equip\/#primaryimage"},"image":{"@id":"https:\/\/www.nouscims.com\/ca\/qui-som\/equip\/#primaryimage"},"thumbnailUrl":"https:\/\/www.nouscims.com\/wp-content\/uploads\/2025\/10\/portadaequipo_w.jpg","datePublished":"2019-11-04T17:08:14+00:00","dateModified":"2026-05-08T09:52:19+00:00","breadcrumb":{"@id":"https:\/\/www.nouscims.com\/ca\/qui-som\/equip\/#breadcrumb"},"inLanguage":"ca","potentialAction":[{"@type":"ReadAction","target":["https:\/\/www.nouscims.com\/ca\/qui-som\/equip\/"]}]},{"@type":"ImageObject","inLanguage":"ca","@id":"https:\/\/www.nouscims.com\/ca\/qui-som\/equip\/#primaryimage","url":"https:\/\/www.nouscims.com\/wp-content\/uploads\/2025\/10\/portadaequipo_w.jpg","contentUrl":"https:\/\/www.nouscims.com\/wp-content\/uploads\/2025\/10\/portadaequipo_w.jpg","width":2200,"height":1464},{"@type":"BreadcrumbList","@id":"https:\/\/www.nouscims.com\/ca\/qui-som\/equip\/#breadcrumb","itemListElement":[{"@type":"ListItem","position":1,"name":"Portada","item":"https:\/\/www.nouscims.com\/ca\/"},{"@type":"ListItem","position":2,"name":"Qui som","item":"https:\/\/www.nouscims.com\/ca\/qui-som\/"},{"@type":"ListItem","position":3,"name":"Equip"}]},{"@type":"WebSite","@id":"https:\/\/www.nouscims.com\/ca\/#website","url":"https:\/\/www.nouscims.com\/ca\/","name":"Fundaci\u00f3n Privada Nous Cims","description":"Impulsamos y desarrollamos proyectos de innovaci\u00f3n social","potentialAction":[{"@type":"SearchAction","target":{"@type":"EntryPoint","urlTemplate":"https:\/\/www.nouscims.com\/ca\/?s={search_term_string}"},"query-input":{"@type":"PropertyValueSpecification","valueRequired":true,"valueName":"search_term_string"}}],"inLanguage":"ca"}]}},"_links":{"self":[{"href":"https:\/\/www.nouscims.com\/ca\/wp-json\/wp\/v2\/pages\/2369","targetHints":{"allow":["GET"]}}],"collection":[{"href":"https:\/\/www.nouscims.com\/ca\/wp-json\/wp\/v2\/pages"}],"about":[{"href":"https:\/\/www.nouscims.com\/ca\/wp-json\/wp\/v2\/types\/page"}],"author":[{"embeddable":true,"href":"https:\/\/www.nouscims.com\/ca\/wp-json\/wp\/v2\/users\/1"}],"replies":[{"embeddable":true,"href":"https:\/\/www.nouscims.com\/ca\/wp-json\/wp\/v2\/comments?post=2369"}],"version-history":[{"count":65,"href":"https:\/\/www.nouscims.com\/ca\/wp-json\/wp\/v2\/pages\/2369\/revisions"}],"predecessor-version":[{"id":14830,"href":"https:\/\/www.nouscims.com\/ca\/wp-json\/wp\/v2\/pages\/2369\/revisions\/14830"}],"up":[{"embeddable":true,"href":"https:\/\/www.nouscims.com\/ca\/wp-json\/wp\/v2\/pages\/2386"}],"wp:featuredmedia":[{"embeddable":true,"href":"https:\/\/www.nouscims.com\/ca\/wp-json\/wp\/v2\/media\/12605"}],"wp:attachment":[{"href":"https:\/\/www.nouscims.com\/ca\/wp-json\/wp\/v2\/media?parent=2369"}],"curies":[{"name":"wp","href":"https:\/\/api.w.org\/{rel}","templated":true}]}}