{"id":2316,"date":"2019-12-11T17:55:36","date_gmt":"2019-12-11T16:55:36","guid":{"rendered":"https:\/\/www.nouscims.com\/avis-legal\/"},"modified":"2025-11-06T18:04:25","modified_gmt":"2025-11-06T17:04:25","slug":"avis-legal","status":"publish","type":"page","link":"https:\/\/www.nouscims.com\/ca\/avis-legal\/","title":{"rendered":"Av\u00eds Legal"},"content":{"rendered":"<div class=\"wpb-content-wrapper\"><p>[vc_row unlock_row_content=&#8221;yes&#8221; row_height_percent=&#8221;0&#8243; override_padding=&#8221;yes&#8221; h_padding=&#8221;2&#8243; top_padding=&#8221;4&#8243; bottom_padding=&#8221;4&#8243; overlay_alpha=&#8221;90&#8243; gutter_size=&#8221;3&#8243; column_width_percent=&#8221;100&#8243; shift_y=&#8221;0&#8243; z_index=&#8221;0&#8243; content_parallax=&#8221;0&#8243; uncode_shortcode_id=&#8221;133558&#8243;][vc_column column_width_percent=&#8221;100&#8243; gutter_size=&#8221;4&#8243; style=&#8221;dark&#8221; overlay_alpha=&#8221;50&#8243; shift_x=&#8221;0&#8243; shift_y=&#8221;0&#8243; shift_y_down=&#8221;0&#8243; z_index=&#8221;0&#8243; medium_width=&#8221;0&#8243; mobile_width=&#8221;0&#8243; width=&#8221;1\/6&#8243; uncode_shortcode_id=&#8221;173837&#8243;][vc_custom_heading text_color=&#8221;accent&#8221; text_weight=&#8221;600&#8243; uncode_shortcode_id=&#8221;126234&#8243; text_color_type=&#8221;uncode-palette&#8221;]Av\u00eds legal[\/vc_custom_heading][\/vc_column][vc_column column_width_percent=&#8221;85&#8243; position_horizontal=&#8221;left&#8221; gutter_size=&#8221;3&#8243; overlay_alpha=&#8221;50&#8243; shift_x=&#8221;0&#8243; shift_y=&#8221;0&#8243; shift_y_down=&#8221;0&#8243; z_index=&#8221;0&#8243; medium_width=&#8221;0&#8243; mobile_width=&#8221;0&#8243; width=&#8221;5\/6&#8243; uncode_shortcode_id=&#8221;557205&#8243;][vc_column_text]<strong>AV\u00cdS LEGAL<\/strong><\/p>\n<p>La FUNDACI\u00d3 PRIVADA NOUS CIMS, d&#8217;ara en endavant &#8220;Nous Cims&#8221;, li d\u00f3na la benvinguda al lloc web de Nous Cims (el &#8220;Lloc Web&#8221;). Nous Cims \u00e9s una fundaci\u00f3 privada sense \u00e0nim de lucre amb domicili social a a c\/Enten\u00e7a, 332-334, 7a planta, 08029 Barcelona, Espanya, n\u00famero de CIF G-66.621.350. Pot contactar amb nosaltres al tel\u00e8fon 677 92 02 50 o en l&#8217;adre\u00e7a de correu electr\u00f2nic <a href=\"mailto:hola@nouscims.com\">hola@nouscims.com<\/a><\/p>\n<p>Nous Cims est\u00e0 inscrita al Registre de Fundacions de la Generalitat de Catalunya (Direcci\u00f3 General de Dret i d&#8217;Entitats Jur\u00eddiques) amb el n\u00famero d&#8217;inscripci\u00f3 2937.<\/p>\n<p>&nbsp;<\/p>\n<p><strong>1.- OBJECTE<\/strong><\/p>\n<p>Nous Cims, com a responsable del Lloc Web, posa a disposici\u00f3 dels usuaris el present document que regula l&#8217;\u00fas de <a href=\"https:\/\/www.nouscims.com\/\">www.nouscims.com<\/a>, amb el qual es pret\u00e9n donar compliment a les obligacions que disposa la Llei 34\/2002, de Serveis de la Societat de la Informaci\u00f3 i del Comer\u00e7 Electr\u00f2nic (LSSICE o LSSI), aix\u00ed com informar a tots els usuaris del lloc web sobre quines s\u00f3n les seves condicions d&#8217;\u00fas.<\/p>\n<p>A trav\u00e9s del web, Nous Cims facilita als usuaris l&#8217;acc\u00e9s i la utilitzaci\u00f3 de diferents serveis i continguts sobre la Fundaci\u00f3 i la seva activitat posats a disposici\u00f3 a trav\u00e9s del lloc web. L&#8217;acc\u00e9s i l\u2019\u00fas d&#8217;alguns serveis pot requerir el registre previ com a membre del Lloc Web.<\/p>\n<p>Tota persona que accedeixi a aquest web assumeix el paper d&#8217;usuari (en endavant l\u2019\u201cusuari&#8221;), i implica l&#8217;acceptaci\u00f3 total i sense reserves de totes i cadascuna de les disposicions incloses en aquest av\u00eds legal, aix\u00ed com a qualsevol altre disposici\u00f3 legal que sigui d&#8217;aplicaci\u00f3.<\/p>\n<p>Com a usuaris, han de llegir atentament aquest Av\u00eds Legal en qualsevol de les ocasions que entrin al web, ja que aquesta pot patir modificacions. El prestador es reserva el dret a modificar qualsevol tipus d&#8217;informaci\u00f3 que pogu\u00e9s apar\u00e8ixer al web, sense que hi hagi l&#8217;obligaci\u00f3 de pre-avisar o posar en coneixement dels usuaris aquestes obligacions, essent suficient la publicaci\u00f3 al lloc web del prestador.<\/p>\n<p>Aquest av\u00eds legal es va actualitzar per darrera vegada el 25 de setembre de 2020.<\/p>\n<p><strong>2.- CONDICIONS D&#8217;ACC\u00c9S I \u00daS DEL WEB<\/strong><\/p>\n<p><strong>2.1. Car\u00e0cter gratu\u00eft de l\u2019acc\u00e9s i l\u2019\u00fas del web<\/strong><\/p>\n<p>L&#8217;acc\u00e9s i utilitzaci\u00f3 de la part p\u00fablica del Lloc Web \u00e9s de car\u00e0cter gratu\u00eft per a tots els usuaris, no requerint per a la seva visualitzaci\u00f3 subscripci\u00f3 pr\u00e8via o registre. No obstant aix\u00f2, la presentaci\u00f3 de determinats serveis per part de la Fundaci\u00f3 pot requerir el registre de l&#8217;Usuari en els termes que es descriuen m\u00e9s endavant, i pr\u00e8via acceptaci\u00f3 de determinades condicions espec\u00edfiques que desenvolupen i complementen aquest Av\u00eds Legal.<\/p>\n<p><strong>2.2. Registre d&#8217;Usuari<\/strong><\/p>\n<p>Amb car\u00e0cter general, la prestaci\u00f3 dels Serveis no exigeix la pr\u00e8via subscripci\u00f3 o registre dels Usuaris. Aix\u00ed i tot, Nous Cims condiciona l&#8217;\u00fas d&#8217;alguns dels serveis a la pr\u00e8via complementaci\u00f3 del corresponent registre d&#8217;Usuari. Aquest registre s&#8217;efectuar\u00e0 en la forma expressament indicada en la pr\u00f2pia secci\u00f3 del servei.<\/p>\n<p><strong>2.3. Veracitat de la informaci\u00f3<\/strong><\/p>\n<p>Tota la informaci\u00f3 que facilita l&#8217;Usuari ha de ser vera\u00e7. A aquests efectes, l&#8217;Usuari garanteix l&#8217;autenticitat de les dades comunicades a trav\u00e9s dels formularis per a la subscripci\u00f3 dels Serveis. Ser\u00e0 responsabilitat de l&#8217;Usuari mantenir tota la informaci\u00f3 facilitada a Nous Cims permanentment actualitzada de manera que respongui, en cada moment, a la seva situaci\u00f3 real. En tot cas, l&#8217;Usuari ser\u00e0 l&#8217;\u00fanic responsable de les manifestacions falses o inexactes que realitzi i dels perjudicis que causi al prestador o a tercers.<\/p>\n<p><strong>2.4. Menors d&#8217;edat<\/strong><\/p>\n<p>Per a l&#8217;\u00fas dels serveis, els menors d&#8217;edat han d&#8217;obtenir sempre pr\u00e8viament el consentiment dels pares, tutors o representants legals, responsables \u00faltims de tots els actes realitzats pels menors al seu c\u00e0rrec. La responsabilitat en la determinaci\u00f3 de continguts concrets als quals accedeixen els menors correspon als pares. \u00c9s per aix\u00f2 que, si accedeixen a continguts no apropiats per Internet, s&#8217;hauran d&#8217;establir en els seus ordinadors mecanismes, en particular programes inform\u00e0tics, filtres i bloquejos, que permetin limitar els continguts disponibles i, tot i que no s\u00f3n infal\u00b7libles, s\u00f3n d&#8217;especial utilitat per a controlar i restringir els materials als quals poden accedir els menors.<\/p>\n<p><strong>2.5. Obligaci\u00f3 de fer un \u00fas correcte del web<\/strong><\/p>\n<p>L&#8217;Usuari es compromet a utilitzar el web de conformitat a la Llei i al present Av\u00eds Legal, aix\u00ed com a la moral i als bons costums. A aquest efecte, l&#8217;Usuari s&#8217;abstindr\u00e0 d&#8217;utilitzar la p\u00e0gina amb finalitats il\u00b7l\u00edcites o prohibides, lesives de drets i interessos de tercers, o que de qualsevol forma puguin danyar, inutilitzar, sobrecarregar, deteriorar o impedir la normal utilitzaci\u00f3 d&#8217;equips inform\u00e0tics o documents, arxius i tota classe de continguts emmagatzemats en qualsevol equip inform\u00e0tic del prestador.<\/p>\n<p>En particular, i a t\u00edtol indicatiu, per\u00f2 no exhaustiu, l&#8217;Usuari es compromet a no transmetre, difondre o posar a disposici\u00f3 de tercers informacions, dades, continguts, missatges, gr\u00e0fics, dibuixos, arxius de so o imatge, fotografies, enregistraments, programari i, en general, qualsevol classe de material que:<\/p>\n<p>(a) sigui contrari, menyspre\u00ef o atempti contra els drets fonamentals i les llibertats p\u00fabliques reconegudes constitucionalment, en tractats internacionals i altres normes vigents;<\/p>\n<p>(b) indueixi, inciti o promogui actuacions delictives, denigrants, difamat\u00f2ries, violentes o, en general, contr\u00e0ries a la llei, a la moral i l&#8217;ordre p\u00fablic;<\/p>\n<p>(c) indueixi, inciti o promogui actuacions, actituds o pensaments discriminatoris per ra\u00f3 de sexe, ra\u00e7a, religi\u00f3, creences, edat o condici\u00f3;<\/p>\n<p>(d) sigui contrari al dret a l&#8217;honor, a la intimitat personal o familiar, o a la pr\u00f2pia imatge de les persones;<\/p>\n<p>(e) de qualsevol manera perjudiqui la credibilitat del prestador o de tercers; i<\/p>\n<p>(f) constitueixi publicitat il\u00b7l\u00edcita, enganyosa o deslleial.<\/p>\n<p><strong>3.- EXCLUSI\u00d3 DE GARANTIES I RESPONSABILITAT<\/strong><\/p>\n<p>Nous Cims s&#8217;eximeix de qualsevol tipus de responsabilitat derivada de la informaci\u00f3 publicada al nostre Lloc Web, sempre que aquesta informaci\u00f3 hagi estat manipulada o introdu\u00efda per un tercer ali\u00e8.<\/p>\n<p>Aquest web ha estat revisat i provat perqu\u00e8 funcioni correctament. En principi, es pot garantir el seu correcte funcionament els 365 dies de l&#8217;any, 24 hores al dia. No obstant aix\u00f2, Nous Cims no descarta la possibilitat que existeixin determinats errors de programaci\u00f3, o que succeeixin causes de for\u00e7a major, cat\u00e0strofes naturals, vagues, o circumst\u00e0ncies semblants que facin impossible l&#8217;acc\u00e9s a la p\u00e0gina web.<\/p>\n<p>Nous Cims no atorga cap garantia ni es fa responsable, en cap cas, dels danys i perjudicis de qualsevol naturalesa que puguin sortir a col\u00b7laci\u00f3 de la manca de disponibilitat, manteniment i efectiu funcionament del web o dels seus serveis i continguts; de l&#8217;exist\u00e8ncia de virus, programes maliciosos o lesius en els continguts; de l&#8217;\u00fas il\u00b7l\u00edcit, negligent, fraudulent o contrari a aquest Av\u00eds Legal i condicions d&#8217;\u00fas; o de la falta de licitud, qualitat, fiabilitat, utilitat i disponibilitat dels serveis prestats per tercers i posats a disposici\u00f3 dels usuaris al lloc web.<\/p>\n<p>El prestador no es fa responsable en cap concepte dels danys que puguin dimanar de l&#8217;\u00fas il\u00b7legal o indegut de la present p\u00e0gina web.<\/p>\n<p><strong>4.- GALETES<\/strong><\/p>\n<p>El lloc web del prestador pot utilitzar galetes (<em>cookies<\/em>, que s\u00f3n petits arxius d&#8217;informaci\u00f3 que el servidor envia a l&#8217;ordinador de l\u2019Usuari que accedeix a la p\u00e0gina) per a dur a terme determinades funcions que s\u00f3n considerades imprescindibles per al correcte funcionament i visualitzaci\u00f3 del lloc. Les galetes utilitzades tenen, en tot cas, car\u00e0cter temporal, amb l&#8217;\u00fanica finalitat de fer m\u00e9s efica\u00e7 la navegaci\u00f3, i desapareixen en acabar la sessi\u00f3 de l&#8217;usuari.<\/p>\n<p>En cap cas s&#8217;utilitzaran les galetes per a recollir informaci\u00f3 de car\u00e0cter personal. Per a m\u00e9s informaci\u00f3, veieu la nostra <a href=\"https:\/\/www.nouscims.com\/ca\/politica-de-galetes-cookies\/\">Pol\u00edtica de Galetes<\/a>.<\/p>\n<p><strong>5.- ENLLA\u00c7OS <\/strong><\/p>\n<p>Des del lloc web \u00e9s possible que es redirigeixi a continguts de tercers webs. At\u00e8s que des del Lloc Web no podem controlar sempre els continguts introdu\u00efts pels tercers, Nous Cims no assumeix cap tipus de responsabilitat respecte a aquests continguts. En tot cas, el prestador manifesta que procedir\u00e0 a la retirada immediata de qualsevol contingut que pugui contravenir la legislaci\u00f3 nacional o internacional, la moral o l&#8217;ordre p\u00fablic, procedint a la retirada immediata de la redirecci\u00f3 a aquestes webs, posant en coneixement de les autoritats competents el contingut en q\u00fcesti\u00f3.<\/p>\n<p>Nous Cims no es responsabilitza de la informaci\u00f3 i continguts emmagatzemats, a t\u00edtol enunciatiu, per\u00f2 no limitant, en f\u00f2rums, xats, generadors de blogs, comentaris, xarxes socials o qualsevol altre mitj\u00e0 que permeti a tercers publicar continguts de forma independent a la p\u00e0gina web de la Fundaci\u00f3. No obstant aix\u00f2, i en compliment del que disposa l&#8217;art. 11 i 16 de la LSSICE, Nous Cims es posa a disposici\u00f3 de tots els usuaris, autoritats i forces de seguretat, i col\u00b7laborar\u00e0 de forma activa en la retirada o, quan sigui necessari, en el bloqueig de tots aquells continguts que puguin afectar o contravenir la legislaci\u00f3 nacional, o internacional, drets de tercers o la moral i l&#8217;ordre p\u00fablic. En cas que l&#8217;usuari consideri que pot existir algun contingut que pugui ser susceptible d&#8217;aquesta classificaci\u00f3, es prega que ho faci saber de forma immediata a l&#8217;administrador del lloc web.<\/p>\n<p><strong>6.- PROTECCI\u00d3 DE DADES PERSONALS<\/strong><\/p>\n<p>El prestador est\u00e0 profundament comprom\u00e8s amb el compliment de la normativa de protecci\u00f3 de dades personals i garanteix el compliment \u00edntegre de les obligacions disposades, aix\u00ed com la implementaci\u00f3 de les mesures de seguretat disposades al Reglament Europeu de Protecci\u00f3 de Dades i la normativa espanyola de Protecci\u00f3 de Dades. Per a m\u00e9s informaci\u00f3, veieu la nostra <a href=\"https:\/\/www.nouscims.com\/ca\/politica-de-privacitat\/\">Pol\u00edtica de Privacitat<\/a>.<\/p>\n<p><strong>7.- PROPIETAT INTELECTUAL I INDUSTRIAL<\/strong><\/p>\n<p>El lloc web, que inclou a t\u00edtol enunciatiu per\u00f2 no limitatiu la programaci\u00f3, edici\u00f3, compilaci\u00f3 i altres elements necessaris per al seu funcionament, aix\u00ed com els dissenys, logotips, textos, fotografies i\/o gr\u00e0fics s\u00f3n propietat de Nous Cims o, en cas que sigui necessari, disposa de la llic\u00e8ncia o autoritzaci\u00f3 expressa per part dels autors. Tots els continguts del Lloc Web es troben degudament protegits per la normativa de propietat intel\u00b7lectual i industrial.<\/p>\n<p>Independentment de la finalitat per a la qual fossin destinats, la reproducci\u00f3 total o parcial, l\u2019\u00fas, la distribuci\u00f3 i la comunicaci\u00f3 p\u00fablica requereixen de l&#8217;autoritzaci\u00f3 escrita pr\u00e8via per part del prestador. Qualsevol \u00fas no autoritzat pr\u00e8viament per part de la Fundaci\u00f3 ser\u00e0 considerat un incompliment greu dels drets de propietat intel\u00b7lectual o industrial de l&#8217;autor.<\/p>\n<p>Els dissenys, logotips, textos i\/o gr\u00e0fics aliens al prestador i que puguin apar\u00e8ixer en el lloc web, pertanyen als seus respectius propietaris, sent ells mateixos responsables de qualsevol possible controv\u00e8rsia que pogu\u00e9s esdevenir pel que fa als mateixos. En tot cas, el prestador compta amb l&#8217;autoritzaci\u00f3 expressa i pr\u00e8via per part dels mateixos.<\/p>\n<p>El prestador reconeix a favor dels seus titulars els corresponents drets de propietat industrial i intel\u00b7lectual. No implica la menci\u00f3 o aparici\u00f3 al Lloc Web de l&#8217;exist\u00e8ncia de drets o cap responsabilitat del prestador sobre aquests, ni tampoc suport, patrocini o recomanaci\u00f3 per part del prestador.<\/p>\n<p>Per a realitzar qualsevol tipus d&#8217;observaci\u00f3 respecte a possibles incompliments dels drets de propietat intel\u00b7lectual o industrial, aix\u00ed com sobre qualsevol dels continguts del lloc web, pot fer-ho a trav\u00e9s del correu electr\u00f2nic indicat anteriorment.<\/p>\n<p><strong>8.- LLEI APLICABLE I JURISDICCI\u00d3<\/strong><\/p>\n<p>Per a la resoluci\u00f3 de les controv\u00e8rsies o q\u00fcestions relacionades amb la present p\u00e0gina web o de les activitats que es desenvolupin en aquesta, ser\u00e0 d&#8217;aplicaci\u00f3 la legislaci\u00f3 espanyola, a la qual se sotmeten expressament les parts, essent competents els Jutjats i Tribunals de Barcelona per a la resoluci\u00f3 de tots els conflictes derivats o relacionats amb el seu \u00fas.[\/vc_column_text][\/vc_column][\/vc_row]<\/p>\n<\/div>","protected":false},"excerpt":{"rendered":"[vc_row unlock_row_content=\"yes\" row_height_percent=\"0\" override_padding=\"yes\" h_padding=\"2\" top_padding=\"4\" bottom_padding=\"4\" overlay_alpha=\"90\" gutter_size=\"3\" column_width_percent=\"100\" shift_y=\"0\" z_index=\"0\" content_parallax=\"0\" uncode_shortcode_id=\"133558\"][vc_column column_width_percent=\"100\" gutter_size=\"4\" style=\"dark\" overlay_alpha=\"50\" shift_x=\"0\" shift_y=\"0\" [...]","protected":false},"author":1,"featured_media":0,"parent":0,"menu_order":0,"comment_status":"closed","ping_status":"closed","template":"","meta":{"footnotes":""},"class_list":["post-2316","page","type-page","status-publish","hentry"],"yoast_head":"<!-- This site is optimized with the Yoast SEO plugin v27.1.1 - https:\/\/yoast.com\/product\/yoast-seo-wordpress\/ -->\n<title>Av\u00eds Legal - Fundaci\u00f3n Privada Nous Cims<\/title>\n<meta name=\"robots\" content=\"index, follow, max-snippet:-1, max-image-preview:large, max-video-preview:-1\" \/>\n<link rel=\"canonical\" href=\"https:\/\/www.nouscims.com\/ca\/avis-legal\/\" \/>\n<meta property=\"og:locale\" content=\"ca_ES\" \/>\n<meta property=\"og:type\" content=\"article\" \/>\n<meta property=\"og:title\" content=\"Av\u00eds Legal - Fundaci\u00f3n Privada Nous Cims\" \/>\n<meta property=\"og:url\" content=\"https:\/\/www.nouscims.com\/ca\/avis-legal\/\" \/>\n<meta property=\"og:site_name\" content=\"Fundaci\u00f3n Privada Nous Cims\" \/>\n<meta property=\"article:publisher\" content=\"https:\/\/www.facebook.com\/nouscims\" \/>\n<meta property=\"article:modified_time\" content=\"2025-11-06T17:04:25+00:00\" \/>\n<meta name=\"twitter:card\" content=\"summary_large_image\" \/>\n<meta name=\"twitter:site\" content=\"@nouscims\" \/>\n<meta name=\"twitter:label1\" content=\"Temps estimat de lectura\" \/>\n\t<meta name=\"twitter:data1\" content=\"10 minuts\" \/>\n<script type=\"application\/ld+json\" class=\"yoast-schema-graph\">{\"@context\":\"https:\/\/schema.org\",\"@graph\":[{\"@type\":\"WebPage\",\"@id\":\"https:\/\/www.nouscims.com\/ca\/avis-legal\/\",\"url\":\"https:\/\/www.nouscims.com\/ca\/avis-legal\/\",\"name\":\"Av\u00eds Legal - Fundaci\u00f3n Privada Nous Cims\",\"isPartOf\":{\"@id\":\"https:\/\/www.nouscims.com\/ca\/#website\"},\"datePublished\":\"2019-12-11T16:55:36+00:00\",\"dateModified\":\"2025-11-06T17:04:25+00:00\",\"breadcrumb\":{\"@id\":\"https:\/\/www.nouscims.com\/ca\/avis-legal\/#breadcrumb\"},\"inLanguage\":\"ca\",\"potentialAction\":[{\"@type\":\"ReadAction\",\"target\":[\"https:\/\/www.nouscims.com\/ca\/avis-legal\/\"]}]},{\"@type\":\"BreadcrumbList\",\"@id\":\"https:\/\/www.nouscims.com\/ca\/avis-legal\/#breadcrumb\",\"itemListElement\":[{\"@type\":\"ListItem\",\"position\":1,\"name\":\"Portada\",\"item\":\"https:\/\/www.nouscims.com\/ca\/\"},{\"@type\":\"ListItem\",\"position\":2,\"name\":\"Av\u00eds Legal\"}]},{\"@type\":\"WebSite\",\"@id\":\"https:\/\/www.nouscims.com\/ca\/#website\",\"url\":\"https:\/\/www.nouscims.com\/ca\/\",\"name\":\"Fundaci\u00f3n Privada Nous Cims\",\"description\":\"Impulsamos y desarrollamos proyectos de innovaci\u00f3n social\",\"potentialAction\":[{\"@type\":\"SearchAction\",\"target\":{\"@type\":\"EntryPoint\",\"urlTemplate\":\"https:\/\/www.nouscims.com\/ca\/?s={search_term_string}\"},\"query-input\":{\"@type\":\"PropertyValueSpecification\",\"valueRequired\":true,\"valueName\":\"search_term_string\"}}],\"inLanguage\":\"ca\"}]}<\/script>\n<!-- \/ Yoast SEO plugin. -->","yoast_head_json":{"title":"Av\u00eds Legal - Fundaci\u00f3n Privada Nous Cims","robots":{"index":"index","follow":"follow","max-snippet":"max-snippet:-1","max-image-preview":"max-image-preview:large","max-video-preview":"max-video-preview:-1"},"canonical":"https:\/\/www.nouscims.com\/ca\/avis-legal\/","og_locale":"ca_ES","og_type":"article","og_title":"Av\u00eds Legal - Fundaci\u00f3n Privada Nous Cims","og_url":"https:\/\/www.nouscims.com\/ca\/avis-legal\/","og_site_name":"Fundaci\u00f3n Privada Nous Cims","article_publisher":"https:\/\/www.facebook.com\/nouscims","article_modified_time":"2025-11-06T17:04:25+00:00","twitter_card":"summary_large_image","twitter_site":"@nouscims","twitter_misc":{"Temps estimat de lectura":"10 minuts"},"schema":{"@context":"https:\/\/schema.org","@graph":[{"@type":"WebPage","@id":"https:\/\/www.nouscims.com\/ca\/avis-legal\/","url":"https:\/\/www.nouscims.com\/ca\/avis-legal\/","name":"Av\u00eds Legal - Fundaci\u00f3n Privada Nous Cims","isPartOf":{"@id":"https:\/\/www.nouscims.com\/ca\/#website"},"datePublished":"2019-12-11T16:55:36+00:00","dateModified":"2025-11-06T17:04:25+00:00","breadcrumb":{"@id":"https:\/\/www.nouscims.com\/ca\/avis-legal\/#breadcrumb"},"inLanguage":"ca","potentialAction":[{"@type":"ReadAction","target":["https:\/\/www.nouscims.com\/ca\/avis-legal\/"]}]},{"@type":"BreadcrumbList","@id":"https:\/\/www.nouscims.com\/ca\/avis-legal\/#breadcrumb","itemListElement":[{"@type":"ListItem","position":1,"name":"Portada","item":"https:\/\/www.nouscims.com\/ca\/"},{"@type":"ListItem","position":2,"name":"Av\u00eds Legal"}]},{"@type":"WebSite","@id":"https:\/\/www.nouscims.com\/ca\/#website","url":"https:\/\/www.nouscims.com\/ca\/","name":"Fundaci\u00f3n Privada Nous Cims","description":"Impulsamos y desarrollamos proyectos de innovaci\u00f3n social","potentialAction":[{"@type":"SearchAction","target":{"@type":"EntryPoint","urlTemplate":"https:\/\/www.nouscims.com\/ca\/?s={search_term_string}"},"query-input":{"@type":"PropertyValueSpecification","valueRequired":true,"valueName":"search_term_string"}}],"inLanguage":"ca"}]}},"_links":{"self":[{"href":"https:\/\/www.nouscims.com\/ca\/wp-json\/wp\/v2\/pages\/2316","targetHints":{"allow":["GET"]}}],"collection":[{"href":"https:\/\/www.nouscims.com\/ca\/wp-json\/wp\/v2\/pages"}],"about":[{"href":"https:\/\/www.nouscims.com\/ca\/wp-json\/wp\/v2\/types\/page"}],"author":[{"embeddable":true,"href":"https:\/\/www.nouscims.com\/ca\/wp-json\/wp\/v2\/users\/1"}],"replies":[{"embeddable":true,"href":"https:\/\/www.nouscims.com\/ca\/wp-json\/wp\/v2\/comments?post=2316"}],"version-history":[{"count":23,"href":"https:\/\/www.nouscims.com\/ca\/wp-json\/wp\/v2\/pages\/2316\/revisions"}],"predecessor-version":[{"id":13162,"href":"https:\/\/www.nouscims.com\/ca\/wp-json\/wp\/v2\/pages\/2316\/revisions\/13162"}],"wp:attachment":[{"href":"https:\/\/www.nouscims.com\/ca\/wp-json\/wp\/v2\/media?parent=2316"}],"curies":[{"name":"wp","href":"https:\/\/api.w.org\/{rel}","templated":true}]}}